{"id":93,"date":"2025-02-24T14:11:20","date_gmt":"2025-02-24T14:11:20","guid":{"rendered":"https:\/\/xstore.8theme.com\/elementor3\/painting-studio\/?post_type=product&#038;p=93"},"modified":"2026-01-25T10:04:18","modified_gmt":"2026-01-25T10:04:18","slug":"crimson-twilight-dreams","status":"publish","type":"product","link":"https:\/\/fdartgallery.swordbros.com\/?product=crimson-twilight-dreams","title":{"rendered":"Ate\u015f ve Tutku &#8211; K\u0131rm\u0131z\u0131 Sa\u00e7l\u0131 Kad\u0131n Portresi Suluboya"},"content":{"rendered":"<p><strong>Tutkulu sanat\u0131n g\u00fcc\u00fcn\u00fc hissedin!<\/strong>\u00a0K\u0131rm\u0131z\u0131 tonlar\u0131n yo\u011fun dram\u0131 ile \u00e7izilmi\u015f bu etkileyici kad\u0131n portresi, g\u00fc\u00e7l\u00fc bir duygusal ifade sunuyor. Cesur renk se\u00e7imleri ve ak\u0131\u015fkan suluboya tekni\u011fi, modern mekanlar i\u00e7in m\u00fckemmel.<\/p>\n<p>&nbsp;<\/p>\n","protected":false},"excerpt":{"rendered":"<p>\u2728\u00a0<strong>\u00d6ne \u00c7\u0131kan \u00d6zellikler:<\/strong>\u00a0Yo\u011fun renk kontrast\u0131, ekspresif f\u0131r\u00e7a hareketleri, duygusal yo\u011funluk. \u00c7a\u011fda\u015f portrecilik sanat\u0131n\u0131n \u00e7arp\u0131c\u0131 \u00f6rne\u011fi.<\/p>\n<p>\ud83c\udfaf\u00a0<strong>Hedef Alan:<\/strong>\u00a0Sanat st\u00fcdyolar\u0131, butik ma\u011fazalar, moda \u015firketleri, kreatif mekanlar, modern ev dekorasyonu<\/p>\n","protected":false},"featured_media":1333,"comment_status":"open","ping_status":"closed","template":"","meta":[],"etheme_brands":[{"term_id":51,"name":"Hilal Sel\u00e7uk","slug":"hilal-selcuk","term_group":0,"term_taxonomy_id":51,"taxonomy":"brand","description":"","parent":0,"count":13,"filter":"raw"}],"product_brand":[],"product_cat":[43],"product_tag":[],"class_list":{"0":"post-93","1":"product","2":"type-product","3":"status-publish","4":"has-post-thumbnail","6":"brand-hilal-selcuk","7":"product_cat-water-color","9":"first","10":"instock","11":"sale","12":"shipping-taxable","13":"purchasable","14":"product-type-simple"},"_links":{"self":[{"href":"https:\/\/fdartgallery.swordbros.com\/index.php?rest_route=\/wp\/v2\/product\/93","targetHints":{"allow":["GET"]}}],"collection":[{"href":"https:\/\/fdartgallery.swordbros.com\/index.php?rest_route=\/wp\/v2\/product"}],"about":[{"href":"https:\/\/fdartgallery.swordbros.com\/index.php?rest_route=\/wp\/v2\/types\/product"}],"replies":[{"embeddable":true,"href":"https:\/\/fdartgallery.swordbros.com\/index.php?rest_route=%2Fwp%2Fv2%2Fcomments&post=93"}],"version-history":[{"count":2,"href":"https:\/\/fdartgallery.swordbros.com\/index.php?rest_route=\/wp\/v2\/product\/93\/revisions"}],"predecessor-version":[{"id":1409,"href":"https:\/\/fdartgallery.swordbros.com\/index.php?rest_route=\/wp\/v2\/product\/93\/revisions\/1409"}],"wp:featuredmedia":[{"embeddable":true,"href":"https:\/\/fdartgallery.swordbros.com\/index.php?rest_route=\/wp\/v2\/media\/1333"}],"wp:attachment":[{"href":"https:\/\/fdartgallery.swordbros.com\/index.php?rest_route=%2Fwp%2Fv2%2Fmedia&parent=93"}],"wp:term":[{"taxonomy":"brand","embeddable":true,"href":"https:\/\/fdartgallery.swordbros.com\/index.php?rest_route=%2Fwp%2Fv2%2Fetheme_brands&post=93"},{"taxonomy":"product_brand","embeddable":true,"href":"https:\/\/fdartgallery.swordbros.com\/index.php?rest_route=%2Fwp%2Fv2%2Fproduct_brand&post=93"},{"taxonomy":"product_cat","embeddable":true,"href":"https:\/\/fdartgallery.swordbros.com\/index.php?rest_route=%2Fwp%2Fv2%2Fproduct_cat&post=93"},{"taxonomy":"product_tag","embeddable":true,"href":"https:\/\/fdartgallery.swordbros.com\/index.php?rest_route=%2Fwp%2Fv2%2Fproduct_tag&post=93"}],"curies":[{"name":"wp","href":"https:\/\/api.w.org\/{rel}","templated":true}]}}