{"id":619,"date":"2025-02-28T10:53:59","date_gmt":"2025-02-28T10:53:59","guid":{"rendered":"https:\/\/xstore.8theme.com\/elementor3\/painting-studio\/?post_type=product&#038;p=619"},"modified":"2026-01-25T08:55:23","modified_gmt":"2026-01-25T08:55:23","slug":"vulputate-tellus-hac-sed","status":"publish","type":"product","link":"https:\/\/fdartgallery.swordbros.com\/?product=vulputate-tellus-hac-sed","title":{"rendered":"Nostaljik Saat ve Mum I\u015f\u0131\u011f\u0131 &#8211; Klasik Nat\u00fcrmort Tablo"},"content":{"rendered":"<p><strong>Mekan\u0131n\u0131za zamans\u0131z bir zarafet kat\u0131n!<\/strong>\u00a0Bu b\u00fcy\u00fcleyici nat\u00fcrmort \u00e7al\u0131\u015fmas\u0131, ah\u015fap dokular\u0131n s\u0131cakl\u0131\u011f\u0131 ile antika saatin nostaljik zarafetini bir araya getiriyor. Mum \u0131\u015f\u0131\u011f\u0131n\u0131n yaratt\u0131\u011f\u0131 gizemli atmosfer, evinize veya ofisinize klasik bir dokunu\u015f kazand\u0131r\u0131r.<\/p>\n<p>&nbsp;<\/p>\n","protected":false},"excerpt":{"rendered":"<p>\u2728\u00a0<strong>\u00d6ne \u00c7\u0131kan \u00d6zellikler:<\/strong>\u00a0Ger\u00e7ek\u00e7i g\u00f6lge-\u0131\u015f\u0131k oyunlar\u0131, detayl\u0131 ah\u015fap doku i\u015f\u00e7ili\u011fi, antika saat ve g\u00f6zl\u00fck gibi nostaljik objelerle zenginle\u015ftirilmi\u015f kompozisyon. Salon, \u00e7al\u0131\u015fma odas\u0131 veya k\u00fct\u00fcphane dekorasyonu i\u00e7in ideal.<\/p>\n<p>\ud83c\udfaf \u00a0Klasik dekorasyon sevenler, vintage e\u015fya koleksiyonerleri, zarafet arayan mekan sahipleri<\/p>\n","protected":false},"featured_media":1323,"comment_status":"open","ping_status":"closed","template":"","meta":[],"etheme_brands":[{"term_id":51,"name":"Hilal Sel\u00e7uk","slug":"hilal-selcuk","term_group":0,"term_taxonomy_id":51,"taxonomy":"brand","description":"","parent":0,"count":13,"filter":"raw"}],"product_brand":[],"product_cat":[41],"product_tag":[],"class_list":{"0":"post-619","1":"product","2":"type-product","3":"status-publish","4":"has-post-thumbnail","6":"brand-hilal-selcuk","7":"product_cat-oil","9":"first","10":"instock","11":"sale","12":"shipping-taxable","13":"purchasable","14":"product-type-simple"},"_links":{"self":[{"href":"https:\/\/fdartgallery.swordbros.com\/index.php?rest_route=\/wp\/v2\/product\/619","targetHints":{"allow":["GET"]}}],"collection":[{"href":"https:\/\/fdartgallery.swordbros.com\/index.php?rest_route=\/wp\/v2\/product"}],"about":[{"href":"https:\/\/fdartgallery.swordbros.com\/index.php?rest_route=\/wp\/v2\/types\/product"}],"replies":[{"embeddable":true,"href":"https:\/\/fdartgallery.swordbros.com\/index.php?rest_route=%2Fwp%2Fv2%2Fcomments&post=619"}],"version-history":[{"count":2,"href":"https:\/\/fdartgallery.swordbros.com\/index.php?rest_route=\/wp\/v2\/product\/619\/revisions"}],"predecessor-version":[{"id":1343,"href":"https:\/\/fdartgallery.swordbros.com\/index.php?rest_route=\/wp\/v2\/product\/619\/revisions\/1343"}],"wp:featuredmedia":[{"embeddable":true,"href":"https:\/\/fdartgallery.swordbros.com\/index.php?rest_route=\/wp\/v2\/media\/1323"}],"wp:attachment":[{"href":"https:\/\/fdartgallery.swordbros.com\/index.php?rest_route=%2Fwp%2Fv2%2Fmedia&parent=619"}],"wp:term":[{"taxonomy":"brand","embeddable":true,"href":"https:\/\/fdartgallery.swordbros.com\/index.php?rest_route=%2Fwp%2Fv2%2Fetheme_brands&post=619"},{"taxonomy":"product_brand","embeddable":true,"href":"https:\/\/fdartgallery.swordbros.com\/index.php?rest_route=%2Fwp%2Fv2%2Fproduct_brand&post=619"},{"taxonomy":"product_cat","embeddable":true,"href":"https:\/\/fdartgallery.swordbros.com\/index.php?rest_route=%2Fwp%2Fv2%2Fproduct_cat&post=619"},{"taxonomy":"product_tag","embeddable":true,"href":"https:\/\/fdartgallery.swordbros.com\/index.php?rest_route=%2Fwp%2Fv2%2Fproduct_tag&post=619"}],"curies":[{"name":"wp","href":"https:\/\/api.w.org\/{rel}","templated":true}]}}