{"id":617,"date":"2025-02-28T10:53:56","date_gmt":"2025-02-28T10:53:56","guid":{"rendered":"https:\/\/xstore.8theme.com\/elementor3\/painting-studio\/?post_type=product&#038;p=617"},"modified":"2026-01-25T08:54:11","modified_gmt":"2026-01-25T08:54:11","slug":"excepteur-sint-occaecat","status":"publish","type":"product","link":"https:\/\/fdartgallery.swordbros.com\/?product=excepteur-sint-occaecat","title":{"rendered":"Londra&#8217;da K\u0131\u015f Roman\u0131 &#8211; Big Ben ve K\u0131rm\u0131z\u0131 Telefon Kul\u00fcbesi"},"content":{"rendered":"<p><strong>Londra&#8217;n\u0131n b\u00fcy\u00fcs\u00fcn\u00fc duvarlar\u0131n\u0131za ta\u015f\u0131y\u0131n!<\/strong>\u00a0Karl\u0131 bir k\u0131\u015f ak\u015fam\u0131nda ikonik Big Ben kulesi ve nostaljik k\u0131rm\u0131z\u0131 telefon kul\u00fcbesi&#8230; Bu romantik sahne, seyahat tutkunlar\u0131 ve \u0130ngiliz k\u00fclt\u00fcr\u00fc hayranlar\u0131 i\u00e7in vazge\u00e7ilmez bir sanat eseri.<\/p>\n<p>&nbsp;<\/p>\n","protected":false},"excerpt":{"rendered":"<p>\u2728\u00a0<strong>\u00d6ne \u00c7\u0131kan \u00d6zellikler:<\/strong>\u00a0Kar taneleriyle s\u00fcslenmi\u015f atmosferik kompozisyon, detayl\u0131 mimari i\u015f\u00e7ilik, nostaljik Londra simgeleri. Mekan \u00e7iftlerinin duygusal anlar\u0131n\u0131 yans\u0131tan sahneleme.<\/p>\n<p>\ud83c\udfaf\u00a0<strong>Hedef Alan:<\/strong>\u00a0Seyahat severler, \u0130ngiliz k\u00fclt\u00fcr\u00fc hayranlar\u0131, cafe ve restoran dekorasyonu, romantik mekan tasar\u0131mlar\u0131<\/p>\n","protected":false},"featured_media":1322,"comment_status":"open","ping_status":"closed","template":"","meta":[],"etheme_brands":[{"term_id":51,"name":"Hilal Sel\u00e7uk","slug":"hilal-selcuk","term_group":0,"term_taxonomy_id":51,"taxonomy":"brand","description":"","parent":0,"count":13,"filter":"raw"}],"product_brand":[],"product_cat":[41],"product_tag":[],"class_list":{"0":"post-617","1":"product","2":"type-product","3":"status-publish","4":"has-post-thumbnail","6":"brand-hilal-selcuk","7":"product_cat-oil","9":"first","10":"instock","11":"shipping-taxable","12":"purchasable","13":"product-type-simple"},"_links":{"self":[{"href":"https:\/\/fdartgallery.swordbros.com\/index.php?rest_route=\/wp\/v2\/product\/617","targetHints":{"allow":["GET"]}}],"collection":[{"href":"https:\/\/fdartgallery.swordbros.com\/index.php?rest_route=\/wp\/v2\/product"}],"about":[{"href":"https:\/\/fdartgallery.swordbros.com\/index.php?rest_route=\/wp\/v2\/types\/product"}],"replies":[{"embeddable":true,"href":"https:\/\/fdartgallery.swordbros.com\/index.php?rest_route=%2Fwp%2Fv2%2Fcomments&post=617"}],"version-history":[{"count":2,"href":"https:\/\/fdartgallery.swordbros.com\/index.php?rest_route=\/wp\/v2\/product\/617\/revisions"}],"predecessor-version":[{"id":1389,"href":"https:\/\/fdartgallery.swordbros.com\/index.php?rest_route=\/wp\/v2\/product\/617\/revisions\/1389"}],"wp:featuredmedia":[{"embeddable":true,"href":"https:\/\/fdartgallery.swordbros.com\/index.php?rest_route=\/wp\/v2\/media\/1322"}],"wp:attachment":[{"href":"https:\/\/fdartgallery.swordbros.com\/index.php?rest_route=%2Fwp%2Fv2%2Fmedia&parent=617"}],"wp:term":[{"taxonomy":"brand","embeddable":true,"href":"https:\/\/fdartgallery.swordbros.com\/index.php?rest_route=%2Fwp%2Fv2%2Fetheme_brands&post=617"},{"taxonomy":"product_brand","embeddable":true,"href":"https:\/\/fdartgallery.swordbros.com\/index.php?rest_route=%2Fwp%2Fv2%2Fproduct_brand&post=617"},{"taxonomy":"product_cat","embeddable":true,"href":"https:\/\/fdartgallery.swordbros.com\/index.php?rest_route=%2Fwp%2Fv2%2Fproduct_cat&post=617"},{"taxonomy":"product_tag","embeddable":true,"href":"https:\/\/fdartgallery.swordbros.com\/index.php?rest_route=%2Fwp%2Fv2%2Fproduct_tag&post=617"}],"curies":[{"name":"wp","href":"https:\/\/api.w.org\/{rel}","templated":true}]}}