{"id":614,"date":"2025-02-28T10:53:51","date_gmt":"2025-02-28T10:53:51","guid":{"rendered":"https:\/\/xstore.8theme.com\/elementor3\/painting-studio\/?post_type=product&#038;p=614"},"modified":"2026-01-25T09:02:35","modified_gmt":"2026-01-25T09:02:35","slug":"serene-mountain-forest","status":"publish","type":"product","link":"https:\/\/fdartgallery.swordbros.com\/?product=serene-mountain-forest","title":{"rendered":"\u015eeffafl\u0131k Sanat\u0131 &#8211; Cam Objeler Nat\u00fcrmort Karakalem"},"content":{"rendered":"<p><strong>Teknik ustal\u0131\u011f\u0131n zirvesini ke\u015ffedin!<\/strong>\u00a0Farkl\u0131 cam formlar\u0131n\u0131n bir araya geldi\u011fi bu nat\u00fcrmort, sanat\u00e7\u0131n\u0131n \u015feffafl\u0131k ve yans\u0131malar\u0131 yakalama becerisini sergiliyor. Her obje titizlikle yerle\u015ftirilmi\u015f, her g\u00f6lge hesaplanm\u0131\u015f.<\/p>\n<p>&nbsp;<\/p>\n","protected":false},"excerpt":{"rendered":"<p>\u2728\u00a0<strong>\u00d6ne \u00c7\u0131kan \u00d6zellikler:<\/strong>\u00a0\u00c7oklu cam yans\u0131malar\u0131, kuma\u015f doku detaylar\u0131, klasik kompozisyon anlay\u0131\u015f\u0131. Akademik \u00e7izim tekniklerinin g\u00f6steri\u015fli bir uygulamas\u0131.<\/p>\n<p>\ud83c\udfaf\u00a0<strong>Hedef Alan:<\/strong>\u00a0Sanat akademileri, modern konutlar, tasar\u0131m ofisleri, mimarl\u0131k b\u00fcrolar\u0131<\/p>\n","protected":false},"featured_media":1325,"comment_status":"open","ping_status":"closed","template":"","meta":[],"etheme_brands":[{"term_id":51,"name":"Hilal Sel\u00e7uk","slug":"hilal-selcuk","term_group":0,"term_taxonomy_id":51,"taxonomy":"brand","description":"","parent":0,"count":13,"filter":"raw"}],"product_brand":[],"product_cat":[40],"product_tag":[],"class_list":{"0":"post-614","1":"product","2":"type-product","3":"status-publish","4":"has-post-thumbnail","6":"brand-hilal-selcuk","7":"product_cat-sketching","9":"first","10":"instock","11":"shipping-taxable","12":"purchasable","13":"product-type-simple"},"_links":{"self":[{"href":"https:\/\/fdartgallery.swordbros.com\/index.php?rest_route=\/wp\/v2\/product\/614","targetHints":{"allow":["GET"]}}],"collection":[{"href":"https:\/\/fdartgallery.swordbros.com\/index.php?rest_route=\/wp\/v2\/product"}],"about":[{"href":"https:\/\/fdartgallery.swordbros.com\/index.php?rest_route=\/wp\/v2\/types\/product"}],"replies":[{"embeddable":true,"href":"https:\/\/fdartgallery.swordbros.com\/index.php?rest_route=%2Fwp%2Fv2%2Fcomments&post=614"}],"version-history":[{"count":2,"href":"https:\/\/fdartgallery.swordbros.com\/index.php?rest_route=\/wp\/v2\/product\/614\/revisions"}],"predecessor-version":[{"id":1395,"href":"https:\/\/fdartgallery.swordbros.com\/index.php?rest_route=\/wp\/v2\/product\/614\/revisions\/1395"}],"wp:featuredmedia":[{"embeddable":true,"href":"https:\/\/fdartgallery.swordbros.com\/index.php?rest_route=\/wp\/v2\/media\/1325"}],"wp:attachment":[{"href":"https:\/\/fdartgallery.swordbros.com\/index.php?rest_route=%2Fwp%2Fv2%2Fmedia&parent=614"}],"wp:term":[{"taxonomy":"brand","embeddable":true,"href":"https:\/\/fdartgallery.swordbros.com\/index.php?rest_route=%2Fwp%2Fv2%2Fetheme_brands&post=614"},{"taxonomy":"product_brand","embeddable":true,"href":"https:\/\/fdartgallery.swordbros.com\/index.php?rest_route=%2Fwp%2Fv2%2Fproduct_brand&post=614"},{"taxonomy":"product_cat","embeddable":true,"href":"https:\/\/fdartgallery.swordbros.com\/index.php?rest_route=%2Fwp%2Fv2%2Fproduct_cat&post=614"},{"taxonomy":"product_tag","embeddable":true,"href":"https:\/\/fdartgallery.swordbros.com\/index.php?rest_route=%2Fwp%2Fv2%2Fproduct_tag&post=614"}],"curies":[{"name":"wp","href":"https:\/\/api.w.org\/{rel}","templated":true}]}}