{"id":613,"date":"2025-02-28T10:53:50","date_gmt":"2025-02-28T10:53:50","guid":{"rendered":"https:\/\/xstore.8theme.com\/elementor3\/painting-studio\/?post_type=product&#038;p=613"},"modified":"2026-01-25T09:05:56","modified_gmt":"2026-01-25T09:05:56","slug":"oceanic-blue-tranquility","status":"publish","type":"product","link":"https:\/\/fdartgallery.swordbros.com\/?product=oceanic-blue-tranquility","title":{"rendered":"Gotik Huzur &#8211; Kilise ve Do\u011fa Karakalem Peyzaj"},"content":{"rendered":"<p><strong>Mimari g\u00fczelli\u011fi do\u011fayla bulu\u015fturun!<\/strong>\u00a0Kubbeli kilise mimarisi ve a\u011fa\u00e7lar\u0131n birle\u015fti\u011fi bu atmosferik \u00e7izim, Avrupa kasabalar\u0131n\u0131n huzurlu ambiyans\u0131n\u0131 yans\u0131t\u0131yor. Tarih ve do\u011fa severlerin be\u011fenisine sunulan \u00f6zel bir eser.<\/p>\n<p>&nbsp;<\/p>\n","protected":false},"excerpt":{"rendered":"<p>\u2728\u00a0<strong>\u00d6ne \u00c7\u0131kan \u00d6zellikler:<\/strong>\u00a0Detayl\u0131 mimari perspektif, a\u011fa\u00e7 dokular\u0131, atmosferik derinlik. Klasik Avrupa kasaba manzaras\u0131 esteti\u011fi.<\/p>\n<p>\ud83c\udfaf\u00a0<strong>Hedef Alan:<\/strong>\u00a0Tarihi mekanlar, butik oteller, k\u00fclt\u00fcr merkezleri, Avrupa temal\u0131 restoranlar<\/p>\n","protected":false},"featured_media":1326,"comment_status":"open","ping_status":"closed","template":"","meta":[],"etheme_brands":[{"term_id":51,"name":"Hilal Sel\u00e7uk","slug":"hilal-selcuk","term_group":0,"term_taxonomy_id":51,"taxonomy":"brand","description":"","parent":0,"count":13,"filter":"raw"}],"product_brand":[],"product_cat":[40],"product_tag":[],"class_list":{"0":"post-613","1":"product","2":"type-product","3":"status-publish","4":"has-post-thumbnail","6":"brand-hilal-selcuk","7":"product_cat-sketching","9":"first","10":"instock","11":"shipping-taxable","12":"purchasable","13":"product-type-simple"},"_links":{"self":[{"href":"https:\/\/fdartgallery.swordbros.com\/index.php?rest_route=\/wp\/v2\/product\/613","targetHints":{"allow":["GET"]}}],"collection":[{"href":"https:\/\/fdartgallery.swordbros.com\/index.php?rest_route=\/wp\/v2\/product"}],"about":[{"href":"https:\/\/fdartgallery.swordbros.com\/index.php?rest_route=\/wp\/v2\/types\/product"}],"replies":[{"embeddable":true,"href":"https:\/\/fdartgallery.swordbros.com\/index.php?rest_route=%2Fwp%2Fv2%2Fcomments&post=613"}],"version-history":[{"count":2,"href":"https:\/\/fdartgallery.swordbros.com\/index.php?rest_route=\/wp\/v2\/product\/613\/revisions"}],"predecessor-version":[{"id":1397,"href":"https:\/\/fdartgallery.swordbros.com\/index.php?rest_route=\/wp\/v2\/product\/613\/revisions\/1397"}],"wp:featuredmedia":[{"embeddable":true,"href":"https:\/\/fdartgallery.swordbros.com\/index.php?rest_route=\/wp\/v2\/media\/1326"}],"wp:attachment":[{"href":"https:\/\/fdartgallery.swordbros.com\/index.php?rest_route=%2Fwp%2Fv2%2Fmedia&parent=613"}],"wp:term":[{"taxonomy":"brand","embeddable":true,"href":"https:\/\/fdartgallery.swordbros.com\/index.php?rest_route=%2Fwp%2Fv2%2Fetheme_brands&post=613"},{"taxonomy":"product_brand","embeddable":true,"href":"https:\/\/fdartgallery.swordbros.com\/index.php?rest_route=%2Fwp%2Fv2%2Fproduct_brand&post=613"},{"taxonomy":"product_cat","embeddable":true,"href":"https:\/\/fdartgallery.swordbros.com\/index.php?rest_route=%2Fwp%2Fv2%2Fproduct_cat&post=613"},{"taxonomy":"product_tag","embeddable":true,"href":"https:\/\/fdartgallery.swordbros.com\/index.php?rest_route=%2Fwp%2Fv2%2Fproduct_tag&post=613"}],"curies":[{"name":"wp","href":"https:\/\/api.w.org\/{rel}","templated":true}]}}