{"id":612,"date":"2025-02-28T10:53:49","date_gmt":"2025-02-28T10:53:49","guid":{"rendered":"https:\/\/xstore.8theme.com\/elementor3\/painting-studio\/?post_type=product&#038;p=612"},"modified":"2026-01-25T09:07:26","modified_gmt":"2026-01-25T09:07:26","slug":"eternal-blooming-blossom-2","status":"publish","type":"product","link":"https:\/\/fdartgallery.swordbros.com\/?product=eternal-blooming-blossom-2","title":{"rendered":"Bahar Tazeli\u011fi &#8211; Pembe Manolya \u00c7i\u00e7ekleri Suluboya Tablo"},"content":{"rendered":"<p><strong>Evinize bahar\u0131 ta\u015f\u0131y\u0131n!<\/strong>\u00a0Cam vazoda \u015f\u0131k bir \u015fekilde sergilenmi\u015f pembe manolya \u00e7i\u00e7ekleri, suluboya tekni\u011finin t\u00fcm inceli\u011fiyle i\u015flenmi\u015f. Taze, romantik ve huzur verici bir atmosfer yarat\u0131r.<\/p>\n<p>&nbsp;<\/p>\n","protected":false},"excerpt":{"rendered":"<p>\u2728\u00a0<strong>\u00d6ne \u00c7\u0131kan \u00d6zellikler:<\/strong>\u00a0Yumu\u015fak renk ge\u00e7i\u015fleri, botanik do\u011fruluk, \u015feffaf cam detaylar\u0131. Minimal ve zarif kompozisyon.<\/p>\n<p>\ud83c\udfaf\u00a0<strong>Hedef Alan:<\/strong>\u00a0Yatak odalar\u0131, \u00e7ocuk odalar\u0131, wellness merkezleri, g\u00fczellik salonlar\u0131, romantik mekan tasar\u0131mlar\u0131<\/p>\n","protected":false},"featured_media":1332,"comment_status":"open","ping_status":"closed","template":"","meta":[],"etheme_brands":[{"term_id":51,"name":"Hilal Sel\u00e7uk","slug":"hilal-selcuk","term_group":0,"term_taxonomy_id":51,"taxonomy":"brand","description":"","parent":0,"count":13,"filter":"raw"}],"product_brand":[],"product_cat":[43],"product_tag":[],"class_list":{"0":"post-612","1":"product","2":"type-product","3":"status-publish","4":"has-post-thumbnail","6":"brand-hilal-selcuk","7":"product_cat-water-color","9":"first","10":"instock","11":"shipping-taxable","12":"purchasable","13":"product-type-simple"},"_links":{"self":[{"href":"https:\/\/fdartgallery.swordbros.com\/index.php?rest_route=\/wp\/v2\/product\/612","targetHints":{"allow":["GET"]}}],"collection":[{"href":"https:\/\/fdartgallery.swordbros.com\/index.php?rest_route=\/wp\/v2\/product"}],"about":[{"href":"https:\/\/fdartgallery.swordbros.com\/index.php?rest_route=\/wp\/v2\/types\/product"}],"replies":[{"embeddable":true,"href":"https:\/\/fdartgallery.swordbros.com\/index.php?rest_route=%2Fwp%2Fv2%2Fcomments&post=612"}],"version-history":[{"count":2,"href":"https:\/\/fdartgallery.swordbros.com\/index.php?rest_route=\/wp\/v2\/product\/612\/revisions"}],"predecessor-version":[{"id":1400,"href":"https:\/\/fdartgallery.swordbros.com\/index.php?rest_route=\/wp\/v2\/product\/612\/revisions\/1400"}],"wp:featuredmedia":[{"embeddable":true,"href":"https:\/\/fdartgallery.swordbros.com\/index.php?rest_route=\/wp\/v2\/media\/1332"}],"wp:attachment":[{"href":"https:\/\/fdartgallery.swordbros.com\/index.php?rest_route=%2Fwp%2Fv2%2Fmedia&parent=612"}],"wp:term":[{"taxonomy":"brand","embeddable":true,"href":"https:\/\/fdartgallery.swordbros.com\/index.php?rest_route=%2Fwp%2Fv2%2Fetheme_brands&post=612"},{"taxonomy":"product_brand","embeddable":true,"href":"https:\/\/fdartgallery.swordbros.com\/index.php?rest_route=%2Fwp%2Fv2%2Fproduct_brand&post=612"},{"taxonomy":"product_cat","embeddable":true,"href":"https:\/\/fdartgallery.swordbros.com\/index.php?rest_route=%2Fwp%2Fv2%2Fproduct_cat&post=612"},{"taxonomy":"product_tag","embeddable":true,"href":"https:\/\/fdartgallery.swordbros.com\/index.php?rest_route=%2Fwp%2Fv2%2Fproduct_tag&post=612"}],"curies":[{"name":"wp","href":"https:\/\/api.w.org\/{rel}","templated":true}]}}