{"id":611,"date":"2025-02-28T10:53:47","date_gmt":"2025-02-28T10:53:47","guid":{"rendered":"https:\/\/xstore.8theme.com\/elementor3\/painting-studio\/?post_type=product&#038;p=611"},"modified":"2026-01-25T09:10:33","modified_gmt":"2026-01-25T09:10:33","slug":"whispering-forest-pines","status":"publish","type":"product","link":"https:\/\/fdartgallery.swordbros.com\/?product=whispering-forest-pines","title":{"rendered":"Huzurun Sembol\u00fc &#8211; Pembe Lotus \u00c7i\u00e7ekleri Suluboya"},"content":{"rendered":"<p><strong>Maneviyat ve g\u00fczelli\u011fi bir araya getirin!<\/strong>\u00a0Safl\u0131k ve ayd\u0131nlanman\u0131n sembol\u00fc lotus \u00e7i\u00e7ekleri, yumu\u015fak pembe tonlar\u0131yla b\u00fcy\u00fcleyici bir suluboya \u00e7al\u0131\u015fmas\u0131na d\u00f6n\u00fc\u015fm\u00fc\u015f. Meditasyon ve huzur arayan mekanlar i\u00e7in m\u00fckemmel.<\/p>\n<p>&nbsp;<\/p>\n","protected":false},"excerpt":{"rendered":"<p>\u2728\u00a0<strong>\u00d6ne \u00c7\u0131kan \u00d6zellikler:<\/strong>\u00a0Botanik detaylar, yumu\u015fak renk uyumu, manevi sembolizm. Do\u011fu felsefesi esteti\u011fi.<\/p>\n<p>\ud83c\udfaf\u00a0<strong>Hedef Alan:<\/strong>\u00a0Yoga st\u00fcdyolar\u0131, spa merkezleri, meditasyon alanlar\u0131, holistik terapi merkezleri<\/p>\n","protected":false},"featured_media":1328,"comment_status":"open","ping_status":"closed","template":"","meta":[],"etheme_brands":[{"term_id":51,"name":"Hilal Sel\u00e7uk","slug":"hilal-selcuk","term_group":0,"term_taxonomy_id":51,"taxonomy":"brand","description":"","parent":0,"count":13,"filter":"raw"}],"product_brand":[],"product_cat":[43],"product_tag":[],"class_list":{"0":"post-611","1":"product","2":"type-product","3":"status-publish","4":"has-post-thumbnail","6":"brand-hilal-selcuk","7":"product_cat-water-color","9":"first","10":"instock","11":"shipping-taxable","12":"purchasable","13":"product-type-simple"},"_links":{"self":[{"href":"https:\/\/fdartgallery.swordbros.com\/index.php?rest_route=\/wp\/v2\/product\/611","targetHints":{"allow":["GET"]}}],"collection":[{"href":"https:\/\/fdartgallery.swordbros.com\/index.php?rest_route=\/wp\/v2\/product"}],"about":[{"href":"https:\/\/fdartgallery.swordbros.com\/index.php?rest_route=\/wp\/v2\/types\/product"}],"replies":[{"embeddable":true,"href":"https:\/\/fdartgallery.swordbros.com\/index.php?rest_route=%2Fwp%2Fv2%2Fcomments&post=611"}],"version-history":[{"count":1,"href":"https:\/\/fdartgallery.swordbros.com\/index.php?rest_route=\/wp\/v2\/product\/611\/revisions"}],"predecessor-version":[{"id":1401,"href":"https:\/\/fdartgallery.swordbros.com\/index.php?rest_route=\/wp\/v2\/product\/611\/revisions\/1401"}],"wp:featuredmedia":[{"embeddable":true,"href":"https:\/\/fdartgallery.swordbros.com\/index.php?rest_route=\/wp\/v2\/media\/1328"}],"wp:attachment":[{"href":"https:\/\/fdartgallery.swordbros.com\/index.php?rest_route=%2Fwp%2Fv2%2Fmedia&parent=611"}],"wp:term":[{"taxonomy":"brand","embeddable":true,"href":"https:\/\/fdartgallery.swordbros.com\/index.php?rest_route=%2Fwp%2Fv2%2Fetheme_brands&post=611"},{"taxonomy":"product_brand","embeddable":true,"href":"https:\/\/fdartgallery.swordbros.com\/index.php?rest_route=%2Fwp%2Fv2%2Fproduct_brand&post=611"},{"taxonomy":"product_cat","embeddable":true,"href":"https:\/\/fdartgallery.swordbros.com\/index.php?rest_route=%2Fwp%2Fv2%2Fproduct_cat&post=611"},{"taxonomy":"product_tag","embeddable":true,"href":"https:\/\/fdartgallery.swordbros.com\/index.php?rest_route=%2Fwp%2Fv2%2Fproduct_tag&post=611"}],"curies":[{"name":"wp","href":"https:\/\/api.w.org\/{rel}","templated":true}]}}