{"id":608,"date":"2025-02-28T10:53:43","date_gmt":"2025-02-28T10:53:43","guid":{"rendered":"https:\/\/xstore.8theme.com\/elementor3\/painting-studio\/?post_type=product&#038;p=608"},"modified":"2026-01-25T10:00:00","modified_gmt":"2026-01-25T10:00:00","slug":"golden-sunset-horizon","status":"publish","type":"product","link":"https:\/\/fdartgallery.swordbros.com\/?product=golden-sunset-horizon","title":{"rendered":"Mavi R\u00fcya &#8211; Soyut Kad\u0131n Portresi Suluboya"},"content":{"rendered":"<p><strong>Modern sanat\u0131n b\u00fcy\u00fcleyici g\u00fcc\u00fcn\u00fc ke\u015ffedin!<\/strong>\u00a0Mavi ve mor tonlar\u0131n ak\u0131\u015fkan dans\u0131nda, gizemli bir kad\u0131n portresi ortaya \u00e7\u0131k\u0131yor. \u00c7a\u011fda\u015f sanat anlay\u0131\u015f\u0131n\u0131n cesur bir ifadesi, duygusal derinlik arayan koleksiyonerlere hitap ediyor.<\/p>\n<p>&nbsp;<\/p>\n","protected":false},"excerpt":{"rendered":"<p>\u2728\u00a0<strong>\u00d6ne \u00c7\u0131kan \u00d6zellikler:<\/strong>\u00a0Soyut-fig\u00fcratif hibrit stil, dramatik renk ak\u0131\u015flar\u0131, duygusal derinlik. Modern sanat ak\u0131mlar\u0131n\u0131n etkileyici yorumu.<\/p>\n<p>\ud83c\udfaf\u00a0<strong>Hedef Alan:<\/strong>\u00a0Modern sanat galerileri, tasar\u0131mc\u0131 evler, yarat\u0131c\u0131 ajanslar, \u00e7a\u011fda\u015f ofis mekanlar\u0131<\/p>\n","protected":false},"featured_media":1338,"comment_status":"open","ping_status":"closed","template":"","meta":[],"etheme_brands":[{"term_id":51,"name":"Hilal Sel\u00e7uk","slug":"hilal-selcuk","term_group":0,"term_taxonomy_id":51,"taxonomy":"brand","description":"","parent":0,"count":13,"filter":"raw"}],"product_brand":[],"product_cat":[15,43],"product_tag":[],"class_list":{"0":"post-608","1":"product","2":"type-product","3":"status-publish","4":"has-post-thumbnail","6":"brand-hilal-selcuk","7":"product_cat-virtualart","8":"product_cat-water-color","10":"first","11":"instock","12":"shipping-taxable","13":"purchasable","14":"product-type-simple"},"_links":{"self":[{"href":"https:\/\/fdartgallery.swordbros.com\/index.php?rest_route=\/wp\/v2\/product\/608","targetHints":{"allow":["GET"]}}],"collection":[{"href":"https:\/\/fdartgallery.swordbros.com\/index.php?rest_route=\/wp\/v2\/product"}],"about":[{"href":"https:\/\/fdartgallery.swordbros.com\/index.php?rest_route=\/wp\/v2\/types\/product"}],"replies":[{"embeddable":true,"href":"https:\/\/fdartgallery.swordbros.com\/index.php?rest_route=%2Fwp%2Fv2%2Fcomments&post=608"}],"version-history":[{"count":2,"href":"https:\/\/fdartgallery.swordbros.com\/index.php?rest_route=\/wp\/v2\/product\/608\/revisions"}],"predecessor-version":[{"id":1407,"href":"https:\/\/fdartgallery.swordbros.com\/index.php?rest_route=\/wp\/v2\/product\/608\/revisions\/1407"}],"wp:featuredmedia":[{"embeddable":true,"href":"https:\/\/fdartgallery.swordbros.com\/index.php?rest_route=\/wp\/v2\/media\/1338"}],"wp:attachment":[{"href":"https:\/\/fdartgallery.swordbros.com\/index.php?rest_route=%2Fwp%2Fv2%2Fmedia&parent=608"}],"wp:term":[{"taxonomy":"brand","embeddable":true,"href":"https:\/\/fdartgallery.swordbros.com\/index.php?rest_route=%2Fwp%2Fv2%2Fetheme_brands&post=608"},{"taxonomy":"product_brand","embeddable":true,"href":"https:\/\/fdartgallery.swordbros.com\/index.php?rest_route=%2Fwp%2Fv2%2Fproduct_brand&post=608"},{"taxonomy":"product_cat","embeddable":true,"href":"https:\/\/fdartgallery.swordbros.com\/index.php?rest_route=%2Fwp%2Fv2%2Fproduct_cat&post=608"},{"taxonomy":"product_tag","embeddable":true,"href":"https:\/\/fdartgallery.swordbros.com\/index.php?rest_route=%2Fwp%2Fv2%2Fproduct_tag&post=608"}],"curies":[{"name":"wp","href":"https:\/\/api.w.org\/{rel}","templated":true}]}}