{"id":2,"date":"2026-01-10T22:14:36","date_gmt":"2026-01-10T22:14:36","guid":{"rendered":"https:\/\/fdartgallery.swordbros.com\/?page_id=2"},"modified":"2026-01-25T10:22:51","modified_gmt":"2026-01-25T10:22:51","slug":"sample-page","status":"publish","type":"page","link":"https:\/\/fdartgallery.swordbros.com\/?page_id=2","title":{"rendered":"\u00d6zel Sipari\u015f Formu"},"content":{"rendered":"\t\t<div data-elementor-type=\"wp-page\" data-elementor-id=\"2\" class=\"elementor elementor-2\" data-elementor-post-type=\"page\">\n\t\t\t\t<div class=\"elementor-element elementor-element-7d27483f e-flex e-con-boxed e-con e-parent\" data-id=\"7d27483f\" data-element_type=\"container\" data-e-type=\"container\">\n\t\t\t\t\t<div class=\"e-con-inner\">\n\t\t\t\t<div class=\"elementor-element elementor-element-39620b6b elementor-widget elementor-widget-text-editor\" data-id=\"39620b6b\" data-element_type=\"widget\" data-e-type=\"widget\" data-widget_type=\"text-editor.default\">\n\t\t\t\t\t\t\t\t\t\n<p>FD Sanat Merkezi sadece kendi \u00f6\u011frencilerinin \u00e7al\u0131\u015fmalar\u0131n\u0131 sergileyen ve teklif usul\u00fc sat\u0131\u015f\u0131n\u0131 y\u00fcr\u00fcten d\u00fcnyadaki ilk galeri hesab\u0131na sahiptir. Galerimize, sanat \u00fcretimine katk\u0131da bulunmak amac\u0131yla te\u015fvik ederek destek olmak isteyen sanatseverlerin yan\u0131-s\u0131ra, evinin yada ofisinin duvarlar\u0131na ruh katarak dekorasyonunu tamamlamak isteyen \u00e7ok say\u0131da birey de ilgi g\u00f6stermektedir. Sanat\u00e7\u0131lar\u0131n ve \u00f6\u011frencilerimizin tuval \u00fczerine ya\u011fl\u0131boya, akrilik, kar\u0131\u015f\u0131k teknik, suluboya, fig\u00fcratif veya soyut orijinal resimlerine, farkl\u0131 tarz ve \u00e7ok de\u011fi\u015fik b\u00fct\u00e7elerle siz de sahip olabilirsiniz. Teklif usul\u00fc ilerleyen sat\u0131\u015f politikam\u0131zda al\u0131c\u0131lardan en \u00e7ok gelen soru \u2018nas\u0131l de\u011fer bi\u00e7ece\u011fiz?\u2019 \u015feklindedir. G\u00f6z \u00f6n\u00fcnde bulundurman\u0131z gereken maddeler s\u0131ras\u0131yla;<\/p>\n\n\n\n<p>&#8211; Eseri ne kadar sevdi\u011finiz<br>&#8211; Eserin i\u00e7erdi\u011fi detaylar ve tahmini emek-zaman oran\u0131<br>&#8211; Eserin Boyutu<br>&#8211; Eserin tekni\u011fi<\/p>\n\n\n\n<p>Unutmay\u0131n ki galerimizdeki \u00fcr\u00fcnler, pek \u00e7ok tablo sat\u0131\u015f sitesinde g\u00f6rd\u00fc\u011f\u00fcn\u00fcz fabrikasyon haz\u0131r bask\u0131 \u00e7al\u0131\u015fmalar de\u011fil el eme\u011fi f\u0131r\u00e7a darbelerini g\u00f6rebilece\u011finiz tazelikte orijinal \u00e7al\u0131\u015fmalard\u0131r. Bug\u00fcn ald\u0131\u011f\u0131n\u0131z eserler ya\u015fam alanlar\u0131n\u0131za de\u011fer katarken ayn\u0131 zamanda \u201cAile yadigar\u0131 tablolar\u201d olarak gelecek ku\u015faklara b\u0131rakaca\u011f\u0131n\u0131z de\u011ferlerdir. Sat\u0131n alma a\u015famalar\u0131n\u0131z gayet basit. Dilerseniz instagram sat\u0131\u015f hesab\u0131 \u00fczerinden dm ile dilerseniz whatsapp hatt\u0131m\u0131za sat\u0131n almak istedi\u011finiz \u00fcr\u00fcn kodunu girin teklifinizi iletin gelen cevaplar i\u015flemleri k\u0131sa s\u00fcrede tamamlaman\u0131z i\u00e7in sizi y\u00f6nlendirecektir.<\/p>\n\n\n\n<div class=\"wp-block-contact-form-7-contact-form-selector\">\n<div class=\"wpcf7 no-js\" id=\"wpcf7-f64-o1\" lang=\"en-US\" dir=\"ltr\" data-wpcf7-id=\"64\">\n<div class=\"screen-reader-response\"><p role=\"status\" aria-live=\"polite\" aria-atomic=\"true\"><\/p> <ul><\/ul><\/div>\n<form action=\"\/index.php?rest_route=%2Fwp%2Fv2%2Fpages%2F2#wpcf7-f64-o1\" method=\"post\" class=\"wpcf7-form init\" aria-label=\"Contact form\" enctype=\"multipart\/form-data\" novalidate=\"novalidate\" data-status=\"init\">\n<fieldset class=\"hidden-fields-container\"><input type=\"hidden\" name=\"_wpcf7\" value=\"64\" \/><input type=\"hidden\" name=\"_wpcf7_version\" value=\"6.1.4\" \/><input type=\"hidden\" name=\"_wpcf7_locale\" value=\"en_US\" \/><input type=\"hidden\" name=\"_wpcf7_unit_tag\" value=\"wpcf7-f64-o1\" \/><input type=\"hidden\" name=\"_wpcf7_container_post\" value=\"0\" \/><input type=\"hidden\" name=\"_wpcf7_posted_data_hash\" value=\"\" \/>\n<\/fieldset>\n<p><label>Ad\u0131n\u0131z Soyad\u0131n\u0131z:<span class=\"wpcf7-form-required\">*<\/span><br \/>\n<span class=\"wpcf7-form-control-wrap\" data-name=\"namex\"><input size=\"40\" maxlength=\"400\" class=\"wpcf7-form-control wpcf7-text\" aria-invalid=\"false\" value=\"\" type=\"text\" name=\"namex\" \/><\/span><br \/>\n<\/label><br \/>\n<label>Email:<span class=\"wpcf7-form-required\">*<\/span><br \/>\n<span class=\"wpcf7-form-control-wrap\" data-name=\"email\"><input size=\"40\" maxlength=\"400\" class=\"wpcf7-form-control wpcf7-email wpcf7-validates-as-required wpcf7-text wpcf7-validates-as-email\" aria-required=\"true\" aria-invalid=\"false\" value=\"\" type=\"email\" name=\"email\" \/><\/span><br \/>\n<\/label><br \/>\n<label>Telefon:<span class=\"wpcf7-form-required\">*<\/span><br \/>\n<span class=\"wpcf7-form-control-wrap\" data-name=\"telefone\"><input size=\"40\" maxlength=\"400\" class=\"wpcf7-form-control wpcf7-tel wpcf7-validates-as-required wpcf7-text wpcf7-validates-as-tel\" aria-required=\"true\" aria-invalid=\"false\" value=\"\" type=\"tel\" name=\"telefone\" \/><\/span><br \/>\n<\/label><br \/>\n<label>\u0130stedi\u011finiz eser boyutu:<span class=\"wpcf7-form-required\">*<\/span><br \/>\n<span class=\"wpcf7-form-control-wrap\" data-name=\"size\"><select class=\"wpcf7-form-control wpcf7-select wpcf7-validates-as-required\" aria-required=\"true\" aria-invalid=\"false\" name=\"size\"><option value=\"25x35\">25&#215;35<\/option><option value=\"30x30\">30&#215;30<\/option><option value=\"40x40\">40&#215;40<\/option><option value=\"35x50\">35&#215;50<\/option><option value=\"50x70\">50&#215;70<\/option><option value=\"60x90\">60&#215;90<\/option><option value=\"70x100\">70&#215;100<\/option><option value=\"90x120\">90&#215;120<\/option><option value=\"Di\u011fer (serbest alan)\">Di\u011fer (serbest alan)<\/option><\/select><\/span><br \/>\n<\/label>\n<\/p>\n<p><label>Eserinizin tekni\u011fi: <span class=\"wpcf7-form-required\">*<\/span><br \/>\n<span class=\"wpcf7-form-control-wrap\" data-name=\"technique\"><select class=\"wpcf7-form-control wpcf7-select wpcf7-validates-as-required\" aria-required=\"true\" aria-invalid=\"false\" name=\"technique\"><option value=\"Ya\u011fl\u0131 boya\">Ya\u011fl\u0131 boya<\/option><option value=\"Akrilik teknik\">Akrilik teknik<\/option><option value=\"Sulu boya\">Sulu boya<\/option><option value=\"Karakalem\">Karakalem<\/option><\/select><\/span><br \/>\n<\/label>\n<\/p>\n<p><label>Eserin konusu: <span class=\"wpcf7-form-required\">*<\/span><br \/>\n<span class=\"wpcf7-form-control-wrap\" data-name=\"subject\"><select class=\"wpcf7-form-control wpcf7-select wpcf7-validates-as-required\" aria-required=\"true\" aria-invalid=\"false\" name=\"subject\"><option value=\"Nat\u00fcrmort\">Nat\u00fcrmort<\/option><option value=\"Vazoda \u00e7i\u00e7ekler\">Vazoda \u00e7i\u00e7ekler<\/option><option value=\"Peyzaj (Manzara Resmi)\">Peyzaj (Manzara Resmi)<\/option><option value=\"Fig\u00fcratif (\u0130nsan ya da hayvan fig\u00fcr\u00fc)\">Fig\u00fcratif (\u0130nsan ya da hayvan fig\u00fcr\u00fc)<\/option><option value=\"Soyut resim\">Soyut resim<\/option><\/select><\/span><br \/>\n<\/label>\n<\/p>\n<p><label>Eseri asmak istedi\u011finiz duvar\u0131n \u00e7evresindeki e\u015fyalarla birlikte olan g\u00f6rseli y\u00fckleyiniz:<br \/>\n<span class=\"wpcf7-form-control-wrap\" data-name=\"wall-photo\"><input size=\"40\" class=\"wpcf7-form-control wpcf7-file\" accept=\"audio\/*,video\/*,image\/*\" aria-invalid=\"false\" type=\"file\" name=\"wall-photo\" \/><\/span><br \/>\n<\/label>\n<\/p>\n<p><label>Sipari\u015f olarak yapt\u0131rmak istedi\u011finiz g\u00f6rsel:<br \/>\n<span class=\"wpcf7-form-control-wrap\" data-name=\"artwork-image\"><input size=\"40\" class=\"wpcf7-form-control wpcf7-file\" accept=\"audio\/*,video\/*,image\/*\" aria-invalid=\"false\" type=\"file\" name=\"artwork-image\" \/><\/span><br \/>\n<\/label>\n<\/p>\n<p><label>Notunuz:<br \/>\n<span class=\"wpcf7-form-control-wrap\" data-name=\"notes\"><textarea cols=\"40\" rows=\"10\" maxlength=\"2000\" class=\"wpcf7-form-control wpcf7-textarea\" aria-invalid=\"false\" name=\"notes\"><\/textarea><\/span><br \/>\n<\/label>\n<\/p>\n<p><input class=\"wpcf7-form-control wpcf7-submit has-spinner\" type=\"submit\" value=\"Teklif al\" \/>\n<\/p><div class=\"wpcf7-response-output\" aria-hidden=\"true\"><\/div>\n<\/form>\n<\/div>\n<\/div>\n\t\t\t\t\t\t\t\t<\/div>\n\t\t\t\t\t<\/div>\n\t\t\t\t<\/div>\n\t\t\t\t<\/div>\n\t\t","protected":false},"excerpt":{"rendered":"<p>&#8230;<\/p>\n","protected":false},"author":1,"featured_media":0,"parent":0,"menu_order":0,"comment_status":"closed","ping_status":"open","template":"","meta":{"footnotes":""},"class_list":["post-2","page","type-page","status-publish","hentry"],"_links":{"self":[{"href":"https:\/\/fdartgallery.swordbros.com\/index.php?rest_route=\/wp\/v2\/pages\/2","targetHints":{"allow":["GET"]}}],"collection":[{"href":"https:\/\/fdartgallery.swordbros.com\/index.php?rest_route=\/wp\/v2\/pages"}],"about":[{"href":"https:\/\/fdartgallery.swordbros.com\/index.php?rest_route=\/wp\/v2\/types\/page"}],"author":[{"embeddable":true,"href":"https:\/\/fdartgallery.swordbros.com\/index.php?rest_route=\/wp\/v2\/users\/1"}],"replies":[{"embeddable":true,"href":"https:\/\/fdartgallery.swordbros.com\/index.php?rest_route=%2Fwp%2Fv2%2Fcomments&post=2"}],"version-history":[{"count":4,"href":"https:\/\/fdartgallery.swordbros.com\/index.php?rest_route=\/wp\/v2\/pages\/2\/revisions"}],"predecessor-version":[{"id":1415,"href":"https:\/\/fdartgallery.swordbros.com\/index.php?rest_route=\/wp\/v2\/pages\/2\/revisions\/1415"}],"wp:attachment":[{"href":"https:\/\/fdartgallery.swordbros.com\/index.php?rest_route=%2Fwp%2Fv2%2Fmedia&parent=2"}],"curies":[{"name":"wp","href":"https:\/\/api.w.org\/{rel}","templated":true}]}}