{"id":1441,"date":"2026-01-29T20:24:28","date_gmt":"2026-01-29T20:24:28","guid":{"rendered":"https:\/\/fdartgallery.swordbros.com\/?page_id=1441"},"modified":"2026-01-29T20:27:34","modified_gmt":"2026-01-29T20:27:34","slug":"elementor-1441","status":"publish","type":"page","link":"https:\/\/fdartgallery.swordbros.com\/?page_id=1441","title":{"rendered":"Duvar dekorasyon talep"},"content":{"rendered":"\t\t<div data-elementor-type=\"wp-page\" data-elementor-id=\"1441\" class=\"elementor elementor-1441\" data-elementor-post-type=\"page\">\n\t\t\t\t<div class=\"elementor-element elementor-element-25987ea e-flex e-con-boxed e-con e-parent\" data-id=\"25987ea\" data-element_type=\"container\" data-e-type=\"container\">\n\t\t\t\t\t<div class=\"e-con-inner\">\n\t\t\t\t<div class=\"elementor-element elementor-element-54b6039 elementor-widget elementor-widget-heading\" data-id=\"54b6039\" data-element_type=\"widget\" data-e-type=\"widget\" data-widget_type=\"heading.default\">\n\t\t\t\t\t<h2 class=\"elementor-heading-title elementor-size-default\">Duvar dekorasyon<\/h2>\t\t\t\t<\/div>\n\t\t\t\t\t<\/div>\n\t\t\t\t<\/div>\n\t\t<div class=\"elementor-element elementor-element-6ee6703 e-flex e-con-boxed e-con e-parent\" data-id=\"6ee6703\" data-element_type=\"container\" data-e-type=\"container\">\n\t\t\t\t\t<div class=\"e-con-inner\">\n\t\t\t\t<div class=\"elementor-element elementor-element-b07bf53 elementor-widget elementor-widget-text-editor\" data-id=\"b07bf53\" data-element_type=\"widget\" data-e-type=\"widget\" data-widget_type=\"text-editor.default\">\n\t\t\t\t\t\t\t\t\t<p>Duvarlar\u0131n\u0131z\u0131 art\u0131k daha farkl\u0131, daha g\u00fczel, daha orjinal ve daha sanatsal dekore etmek istiyorsan\u0131z do\u011fru yerdesiniz.<\/p><p>Duvar dekorasyonu duvar resimleri d\u0131\u015f\u0131nda belirlenen konsept \u00fczerinden tablolar, resimler, foto\u011fraf \u00e7er\u00e7eveleri ve \u00e7e\u015fitli duvar dokular\u0131 ile kombine edilebilir. Bu nedenle duvar resimleri d\u0131\u015f\u0131nda tablo \u2013 \u00e7er\u00e7eveli yorumlar kombinasyonlar\u0131 ve sipari\u015f ya\u011fl\u0131 boya veya suluboya \u00f6zel i\u015fleri sizlere \u00f6zel temin edebilmekteyiz. Formda belirtlen alana teklif almak istedi\u011finiz duvar\u0131n foto\u011fraf\u0131n\u0131, boyutlar\u0131n\u0131, \u00e7al\u0131\u015fma ile ilgili notlar\u0131n\u0131z\u0131, \u00e7al\u0131\u015fma teslim tarih aral\u0131\u011f\u0131n\u0131 ve duvarda g\u00f6rmek istedi\u011finiz g\u00f6rseli ekledi\u011finizde ekibimiz sizlere k\u0131sa s\u00fcrede teklifiyle d\u00f6necektedir. L\u00fctfen formu doldurunuz.<\/p>\t\t\t\t\t\t\t\t<\/div>\n\t\t\t\t\t<\/div>\n\t\t\t\t<\/div>\n\t\t<div class=\"elementor-element elementor-element-b290cdd e-flex e-con-boxed e-con e-parent\" data-id=\"b290cdd\" data-element_type=\"container\" data-e-type=\"container\">\n\t\t\t\t\t<div class=\"e-con-inner\">\n\t\t\t\t<div class=\"elementor-element elementor-element-0d84352 etheme-contact-form-7-button-custom elementor-widget elementor-widget-et-contact-form-7\" data-id=\"0d84352\" data-element_type=\"widget\" data-e-type=\"widget\" data-widget_type=\"et-contact-form-7.default\">\n\t\t\t\t<div class=\"elementor-widget-container\">\n\t\t\t\t\t                <div class=\"pp-contact-form etheme-contact-form-7 placeholder-show\">\n                                        \n<div class=\"wpcf7 no-js\" id=\"wpcf7-f64-o1\" lang=\"en-US\" dir=\"ltr\" data-wpcf7-id=\"64\">\n<div class=\"screen-reader-response\"><p role=\"status\" aria-live=\"polite\" aria-atomic=\"true\"><\/p> <ul><\/ul><\/div>\n<form action=\"\/index.php?rest_route=%2Fwp%2Fv2%2Fpages%2F1441#wpcf7-f64-o1\" method=\"post\" class=\"wpcf7-form init\" aria-label=\"Contact form\" enctype=\"multipart\/form-data\" novalidate=\"novalidate\" data-status=\"init\">\n<fieldset class=\"hidden-fields-container\"><input type=\"hidden\" name=\"_wpcf7\" value=\"64\" \/><input type=\"hidden\" name=\"_wpcf7_version\" value=\"6.1.4\" \/><input type=\"hidden\" name=\"_wpcf7_locale\" value=\"en_US\" \/><input type=\"hidden\" name=\"_wpcf7_unit_tag\" value=\"wpcf7-f64-o1\" \/><input type=\"hidden\" name=\"_wpcf7_container_post\" value=\"0\" \/><input type=\"hidden\" name=\"_wpcf7_posted_data_hash\" value=\"\" \/>\n<\/fieldset>\n<p><label>Ad\u0131n\u0131z Soyad\u0131n\u0131z:<span class=\"wpcf7-form-required\">*<\/span><br \/>\n<span class=\"wpcf7-form-control-wrap\" data-name=\"namex\"><input size=\"40\" maxlength=\"400\" class=\"wpcf7-form-control wpcf7-text\" aria-invalid=\"false\" value=\"\" type=\"text\" name=\"namex\" \/><\/span><br \/>\n<\/label><br \/>\n<label>Email:<span class=\"wpcf7-form-required\">*<\/span><br \/>\n<span class=\"wpcf7-form-control-wrap\" data-name=\"email\"><input size=\"40\" maxlength=\"400\" class=\"wpcf7-form-control wpcf7-email wpcf7-validates-as-required wpcf7-text wpcf7-validates-as-email\" aria-required=\"true\" aria-invalid=\"false\" value=\"\" type=\"email\" name=\"email\" \/><\/span><br \/>\n<\/label><br \/>\n<label>Telefon:<span class=\"wpcf7-form-required\">*<\/span><br \/>\n<span class=\"wpcf7-form-control-wrap\" data-name=\"telefone\"><input size=\"40\" maxlength=\"400\" class=\"wpcf7-form-control wpcf7-tel wpcf7-validates-as-required wpcf7-text wpcf7-validates-as-tel\" aria-required=\"true\" aria-invalid=\"false\" value=\"\" type=\"tel\" name=\"telefone\" \/><\/span><br \/>\n<\/label><br \/>\n<label>\u0130stedi\u011finiz eser boyutu:<span class=\"wpcf7-form-required\">*<\/span><br \/>\n<span class=\"wpcf7-form-control-wrap\" data-name=\"size\"><select class=\"wpcf7-form-control wpcf7-select wpcf7-validates-as-required\" aria-required=\"true\" aria-invalid=\"false\" name=\"size\"><option value=\"25x35\">25x35<\/option><option value=\"30x30\">30x30<\/option><option value=\"40x40\">40x40<\/option><option value=\"35x50\">35x50<\/option><option value=\"50x70\">50x70<\/option><option value=\"60x90\">60x90<\/option><option value=\"70x100\">70x100<\/option><option value=\"90x120\">90x120<\/option><option value=\"Di\u011fer (serbest alan)\">Di\u011fer (serbest alan)<\/option><\/select><\/span><br \/>\n<\/label>\n<\/p>\n<p><label>Eserinizin tekni\u011fi: <span class=\"wpcf7-form-required\">*<\/span><br \/>\n<span class=\"wpcf7-form-control-wrap\" data-name=\"technique\"><select class=\"wpcf7-form-control wpcf7-select wpcf7-validates-as-required\" aria-required=\"true\" aria-invalid=\"false\" name=\"technique\"><option value=\"Ya\u011fl\u0131 boya\">Ya\u011fl\u0131 boya<\/option><option value=\"Akrilik teknik\">Akrilik teknik<\/option><option value=\"Sulu boya\">Sulu boya<\/option><option value=\"Karakalem\">Karakalem<\/option><\/select><\/span><br \/>\n<\/label>\n<\/p>\n<p><label>Eserin konusu: <span class=\"wpcf7-form-required\">*<\/span><br \/>\n<span class=\"wpcf7-form-control-wrap\" data-name=\"subject\"><select class=\"wpcf7-form-control wpcf7-select wpcf7-validates-as-required\" aria-required=\"true\" aria-invalid=\"false\" name=\"subject\"><option value=\"Nat\u00fcrmort\">Nat\u00fcrmort<\/option><option value=\"Vazoda \u00e7i\u00e7ekler\">Vazoda \u00e7i\u00e7ekler<\/option><option value=\"Peyzaj (Manzara Resmi)\">Peyzaj (Manzara Resmi)<\/option><option value=\"Fig\u00fcratif (\u0130nsan ya da hayvan fig\u00fcr\u00fc)\">Fig\u00fcratif (\u0130nsan ya da hayvan fig\u00fcr\u00fc)<\/option><option value=\"Soyut resim\">Soyut resim<\/option><\/select><\/span><br \/>\n<\/label>\n<\/p>\n<p><label>Eseri asmak istedi\u011finiz duvar\u0131n \u00e7evresindeki e\u015fyalarla birlikte olan g\u00f6rseli y\u00fckleyiniz:<br \/>\n<span class=\"wpcf7-form-control-wrap\" data-name=\"wall-photo\"><input size=\"40\" class=\"wpcf7-form-control wpcf7-file\" accept=\"audio\/*,video\/*,image\/*\" aria-invalid=\"false\" type=\"file\" name=\"wall-photo\" \/><\/span><br \/>\n<\/label>\n<\/p>\n<p><label>Sipari\u015f olarak yapt\u0131rmak istedi\u011finiz g\u00f6rsel:<br \/>\n<span class=\"wpcf7-form-control-wrap\" data-name=\"artwork-image\"><input size=\"40\" class=\"wpcf7-form-control wpcf7-file\" accept=\"audio\/*,video\/*,image\/*\" aria-invalid=\"false\" type=\"file\" name=\"artwork-image\" \/><\/span><br \/>\n<\/label>\n<\/p>\n<p><label>Notunuz:<br \/>\n<span class=\"wpcf7-form-control-wrap\" data-name=\"notes\"><textarea cols=\"40\" rows=\"10\" maxlength=\"2000\" class=\"wpcf7-form-control wpcf7-textarea\" aria-invalid=\"false\" name=\"notes\"><\/textarea><\/span><br \/>\n<\/label>\n<\/p>\n<p><input class=\"wpcf7-form-control wpcf7-submit has-spinner\" type=\"submit\" value=\"Teklif al\" \/>\n<\/p><div class=\"wpcf7-response-output\" aria-hidden=\"true\"><\/div>\n<\/form>\n<\/div>\n                <\/div>\n                \t\t\t\t<\/div>\n\t\t\t\t<\/div>\n\t\t\t\t\t<\/div>\n\t\t\t\t<\/div>\n\t\t\t\t<\/div>\n\t\t","protected":false},"excerpt":{"rendered":"<p>&#8230;<\/p>\n","protected":false},"author":1,"featured_media":1263,"parent":0,"menu_order":0,"comment_status":"closed","ping_status":"closed","template":"","meta":{"footnotes":""},"class_list":["post-1441","page","type-page","status-publish","has-post-thumbnail","hentry"],"_links":{"self":[{"href":"https:\/\/fdartgallery.swordbros.com\/index.php?rest_route=\/wp\/v2\/pages\/1441","targetHints":{"allow":["GET"]}}],"collection":[{"href":"https:\/\/fdartgallery.swordbros.com\/index.php?rest_route=\/wp\/v2\/pages"}],"about":[{"href":"https:\/\/fdartgallery.swordbros.com\/index.php?rest_route=\/wp\/v2\/types\/page"}],"author":[{"embeddable":true,"href":"https:\/\/fdartgallery.swordbros.com\/index.php?rest_route=\/wp\/v2\/users\/1"}],"replies":[{"embeddable":true,"href":"https:\/\/fdartgallery.swordbros.com\/index.php?rest_route=%2Fwp%2Fv2%2Fcomments&post=1441"}],"version-history":[{"count":10,"href":"https:\/\/fdartgallery.swordbros.com\/index.php?rest_route=\/wp\/v2\/pages\/1441\/revisions"}],"predecessor-version":[{"id":1451,"href":"https:\/\/fdartgallery.swordbros.com\/index.php?rest_route=\/wp\/v2\/pages\/1441\/revisions\/1451"}],"wp:featuredmedia":[{"embeddable":true,"href":"https:\/\/fdartgallery.swordbros.com\/index.php?rest_route=\/wp\/v2\/media\/1263"}],"wp:attachment":[{"href":"https:\/\/fdartgallery.swordbros.com\/index.php?rest_route=%2Fwp%2Fv2%2Fmedia&parent=1441"}],"curies":[{"name":"wp","href":"https:\/\/api.w.org\/{rel}","templated":true}]}}